{"id":1108,"date":"2023-09-05T19:47:33","date_gmt":"2023-09-05T17:47:33","guid":{"rendered":"https:\/\/richard-heim.fr\/?page_id=1108"},"modified":"2024-04-27T00:30:27","modified_gmt":"2024-04-26T22:30:27","slug":"perdu","status":"publish","type":"page","link":"https:\/\/richard-heim.fr\/index.php\/perdu\/","title":{"rendered":"Perdu !"},"content":{"rendered":"\t\t<div data-elementor-type=\"wp-page\" data-elementor-id=\"1108\" class=\"elementor elementor-1108\">\n\t\t\t\t\t\t<section class=\"elementor-section elementor-top-section elementor-element elementor-element-103cf44 elementor-section-boxed elementor-section-height-default elementor-section-height-default\" data-id=\"103cf44\" data-element_type=\"section\" data-e-type=\"section\">\n\t\t\t\t\t\t<div class=\"elementor-container elementor-column-gap-default\">\n\t\t\t\t\t<div class=\"elementor-column elementor-col-100 elementor-top-column elementor-element elementor-element-5ac6fac\" data-id=\"5ac6fac\" data-element_type=\"column\" data-e-type=\"column\">\n\t\t\t<div class=\"elementor-widget-wrap elementor-element-populated\">\n\t\t\t\t\t\t<div class=\"elementor-element elementor-element-70de1b8 elementor-invisible elementor-widget elementor-widget-text-editor\" data-id=\"70de1b8\" data-element_type=\"widget\" data-e-type=\"widget\" data-settings=\"{&quot;_animation&quot;:&quot;wobble&quot;}\" data-widget_type=\"text-editor.default\">\n\t\t\t\t<div class=\"elementor-widget-container\">\n\t\t\t\t\t\t\t\t\t<p style=\"text-align: center;\"><span style=\"color: #ff0000;\"><b>PAS DE CHANCE<br><\/b><\/span><\/p>\n<p style=\"text-align: center;\"><span style=\"color: #ff0000;\"><b>Vous avez tent\u00e9\u2026<br>et vous avez\u2026 perdu !!<\/b><\/span><\/p><p style=\"text-align: center;\"><span style=\"color: #ff0000;\"><b><i>Rejouez !<br><\/i><\/b><\/span><\/p>\t\t\t\t\t\t\t\t<\/div>\n\t\t\t\t<\/div>\n\t\t\t\t<div class=\"elementor-element elementor-element-cc52827 elementor-widget elementor-widget-text-editor\" data-id=\"cc52827\" data-element_type=\"widget\" data-e-type=\"widget\" data-widget_type=\"text-editor.default\">\n\t\t\t\t<div class=\"elementor-widget-container\">\n\t\t\t\t\t\t\t\t\t<p><b>\u00c0 vos risques et p\u00e9rils<br><\/b><\/p><p><b>Les promesses n&rsquo;engagent que ceux qui y croient<\/b><\/p>\t\t\t\t\t\t\t\t<\/div>\n\t\t\t\t<\/div>\n\t\t\t\t<div class=\"elementor-element elementor-element-ffc3b93 elementor-widget elementor-widget-text-editor\" data-id=\"ffc3b93\" data-element_type=\"widget\" data-e-type=\"widget\" data-widget_type=\"text-editor.default\">\n\t\t\t\t<div class=\"elementor-widget-container\">\n\t\t\t\t\t\t\t\t\t<p><span style=\"color: #800000;\">Voici une version, parmi une infinit\u00e9, du \u00ab conom\u00e8tre \u00e0 fil perdu \u00bb<\/span><\/p>\t\t\t\t\t\t\t\t<\/div>\n\t\t\t\t<\/div>\n\t\t\t\t\t<\/div>\n\t\t<\/div>\n\t\t\t\t\t<\/div>\n\t\t<\/section>\n\t\t\t\t<\/div>\n\t\t","protected":false},"excerpt":{"rendered":"<p>PAS DE CHANCE Vous avez tent\u00e9\u2026et vous avez\u2026 perdu !! Rejouez ! \u00c0 vos risques et p\u00e9rils Les promesses n&rsquo;engagent que ceux qui y croient Voici une version, parmi une infinit\u00e9, du \u00ab conom\u00e8tre \u00e0 fil perdu \u00bb<\/p>\n","protected":false},"author":1,"featured_media":0,"parent":0,"menu_order":0,"comment_status":"closed","ping_status":"closed","template":"","meta":{"footnotes":""},"class_list":["post-1108","page","type-page","status-publish","hentry","entry"],"_links":{"self":[{"href":"https:\/\/richard-heim.fr\/index.php\/wp-json\/wp\/v2\/pages\/1108","targetHints":{"allow":["GET"]}}],"collection":[{"href":"https:\/\/richard-heim.fr\/index.php\/wp-json\/wp\/v2\/pages"}],"about":[{"href":"https:\/\/richard-heim.fr\/index.php\/wp-json\/wp\/v2\/types\/page"}],"author":[{"embeddable":true,"href":"https:\/\/richard-heim.fr\/index.php\/wp-json\/wp\/v2\/users\/1"}],"replies":[{"embeddable":true,"href":"https:\/\/richard-heim.fr\/index.php\/wp-json\/wp\/v2\/comments?post=1108"}],"version-history":[{"count":0,"href":"https:\/\/richard-heim.fr\/index.php\/wp-json\/wp\/v2\/pages\/1108\/revisions"}],"wp:attachment":[{"href":"https:\/\/richard-heim.fr\/index.php\/wp-json\/wp\/v2\/media?parent=1108"}],"curies":[{"name":"wp","href":"https:\/\/api.w.org\/{rel}","templated":true}]}}