{"id":133,"date":"2023-08-31T11:47:44","date_gmt":"2023-08-31T09:47:44","guid":{"rendered":"https:\/\/richard-heim.fr\/?page_id=133"},"modified":"2025-08-29T12:29:39","modified_gmt":"2025-08-29T10:29:39","slug":"mentions-legales","status":"publish","type":"page","link":"https:\/\/richard-heim.fr\/index.php\/mentions-legales\/","title":{"rendered":"Mentions l\u00e9gales"},"content":{"rendered":"\t\t<div data-elementor-type=\"wp-page\" data-elementor-id=\"133\" class=\"elementor elementor-133\">\n\t\t\t\t\t\t<section class=\"elementor-section elementor-top-section elementor-element elementor-element-8168045 elementor-section-boxed elementor-section-height-default elementor-section-height-default\" data-id=\"8168045\" data-element_type=\"section\" data-e-type=\"section\">\n\t\t\t\t\t\t<div class=\"elementor-container elementor-column-gap-default\">\n\t\t\t\t\t<div class=\"elementor-column elementor-col-100 elementor-top-column elementor-element elementor-element-d7ba674\" data-id=\"d7ba674\" data-element_type=\"column\" data-e-type=\"column\">\n\t\t\t<div class=\"elementor-widget-wrap elementor-element-populated\">\n\t\t\t\t\t\t<div class=\"elementor-element elementor-element-1517e90 elementor-widget elementor-widget-text-editor\" data-id=\"1517e90\" data-element_type=\"widget\" data-e-type=\"widget\" data-widget_type=\"text-editor.default\">\n\t\t\t\t<div class=\"elementor-widget-container\">\n\t\t\t\t\t\t\t\t\t<p><b>Mentions l\u00e9gales<\/b><\/p>\t\t\t\t\t\t\t\t<\/div>\n\t\t\t\t<\/div>\n\t\t\t\t\t<\/div>\n\t\t<\/div>\n\t\t\t\t\t<\/div>\n\t\t<\/section>\n\t\t\t\t<section class=\"elementor-section elementor-top-section elementor-element elementor-element-247c9eb elementor-section-boxed elementor-section-height-default elementor-section-height-default\" data-id=\"247c9eb\" data-element_type=\"section\" data-e-type=\"section\">\n\t\t\t\t\t\t<div class=\"elementor-container elementor-column-gap-default\">\n\t\t\t\t\t<div class=\"elementor-column elementor-col-100 elementor-top-column elementor-element elementor-element-ae07158\" data-id=\"ae07158\" data-element_type=\"column\" data-e-type=\"column\">\n\t\t\t<div class=\"elementor-widget-wrap elementor-element-populated\">\n\t\t\t\t\t\t<div class=\"elementor-element elementor-element-7926ed9 elementor-widget elementor-widget-text-editor\" data-id=\"7926ed9\" data-element_type=\"widget\" data-e-type=\"widget\" data-widget_type=\"text-editor.default\">\n\t\t\t\t<div class=\"elementor-widget-container\">\n\t\t\t\t\t\t\t\t\t<p>En vigueur au 31\/08\/2023 <\/p>\t\t\t\t\t\t\t\t<\/div>\n\t\t\t\t<\/div>\n\t\t\t\t\t<\/div>\n\t\t<\/div>\n\t\t\t\t\t<\/div>\n\t\t<\/section>\n\t\t\t\t<section class=\"elementor-section elementor-top-section elementor-element elementor-element-38a1ec0 elementor-section-boxed elementor-section-height-default elementor-section-height-default\" data-id=\"38a1ec0\" data-element_type=\"section\" data-e-type=\"section\">\n\t\t\t\t\t\t<div class=\"elementor-container elementor-column-gap-default\">\n\t\t\t\t\t<div class=\"elementor-column elementor-col-100 elementor-top-column elementor-element elementor-element-e3da54c\" data-id=\"e3da54c\" data-element_type=\"column\" data-e-type=\"column\">\n\t\t\t<div class=\"elementor-widget-wrap elementor-element-populated\">\n\t\t\t\t\t\t<div class=\"elementor-element elementor-element-2e88b49 elementor-widget elementor-widget-text-editor\" data-id=\"2e88b49\" data-element_type=\"widget\" data-e-type=\"widget\" data-widget_type=\"text-editor.default\">\n\t\t\t\t<div class=\"elementor-widget-container\">\n\t\t\t\t\t\t\t\t\t<p>Conform\u00e9ment aux dispositions des Articles 6-III et 19 de la Loi n\u00b02004-575 du 21 juin 2004 pour la Confiance dans l\u2019\u00e9conomie num\u00e9rique, dite L.C.E.N., il est port\u00e9 \u00e0 la connaissance des utilisateurs et visiteurs, ci-apr\u00e8s l&rsquo;\u00ab Utilisateur \u00bb, du site <i>richard-heim.fr<\/i>, ci-apr\u00e8s le \u00ab\u00a0Site\u00a0\u00bb, les pr\u00e9sentes mentions l\u00e9gales.<br \/>La connexion et la navigation sur le Site par l\u2019Utilisateur implique acceptation int\u00e9grale et sans r\u00e9serve des pr\u00e9sentes mentions l\u00e9gales. Ces derni\u00e8res sont accessibles sur le Site \u00e0 la rubrique\u00a0<a href=\"https:\/\/richard-heim.fr\/index.php\/mentions-legales\/\" rel=\"noopener\">\u00ab Mentions l\u00e9gales \u00bb<\/a>.<br \/><b><br \/><span style=\"color: #333333;\">ARTICLE 1 \u2013 L&rsquo;\u00c9DITEUR<\/span><\/b><\/p><p>L\u2019\u00e9dition et la direction de la publication du Site est assur\u00e9e par Richard Heim, joignable par l\u2019interm\u00e9diaire de la page\u00a0<a href=\"https:\/\/richard-heim.fr\/index.php\/contact\/\" rel=\"noopener\">\u00ab Contact \u00bb<\/a>\u00a0du pr\u00e9sent site. Ci-apr\u00e8s l&rsquo;\u00ab \u00c9diteur \u00bb.<br \/>L&rsquo;\u00e9dition est assur\u00e9e par le <b><em>gestionnaire de contenu<\/em> WordPress<\/b>.<\/p><p><span style=\"color: #333333;\"><b>ARTICLE 2 \u2013 L&rsquo;H\u00c9BERGEUR<\/b><\/span><\/p><p><b>L&rsquo;h\u00e9bergeur du Site est la soci\u00e9t\u00e9 OVH<\/b>, dont le si\u00e8ge social est situ\u00e9 2 rue Kellermann, BP 80157 &#8211; F-59053 Roubaix CEDEX 1.<\/p><p><span style=\"color: #333333;\"><b>ARTICLE 3 \u2013 ACC\u00c8S AU SITE<\/b><\/span><\/p><p>Le Site est accessible en tout endroit, 7j\/7, 24h\/24 sauf cas de force majeure, interruption programm\u00e9e ou non et pouvant d\u00e9coulant d\u2019une n\u00e9cessit\u00e9 de maintenance.\u00a0En cas de modification, interruption ou suspension du Site, l&rsquo;\u00c9diteur ne saurait \u00eatre tenu responsable.<\/p><p><span style=\"color: #333333;\"><b>ARTICLE 4 \u2013 COLLECTE DES DONN\u00c9ES<\/b><\/span><\/p><p>Le Site assure \u00e0 l&rsquo;Utilisateur une collecte et un traitement d&rsquo;informations personnelles dans le respect de la vie priv\u00e9e conform\u00e9ment \u00e0 la loi n\u00b078-17 du 6 janvier 1978 relative \u00e0 l&rsquo;informatique, aux fichiers et aux libert\u00e9s. <br \/>En vertu de la loi Informatique et Libert\u00e9s, en date du 6 janvier 1978, l&rsquo;Utilisateur dispose d&rsquo;un droit d&rsquo;acc\u00e8s, de rectification, de suppression et d&rsquo;opposition de ses donn\u00e9es personnelles. L&rsquo;Utilisateur exerce ce droit par mel (cf. formulaire\u00a0<a href=\"https:\/\/richard-heim.fr\/index.php\/contact\/\" rel=\"noopener\">\u00ab Contact \u00bb<\/a>\u00a0du site).<\/p>\t\t\t\t\t\t\t\t<\/div>\n\t\t\t\t<\/div>\n\t\t\t\t\t<\/div>\n\t\t<\/div>\n\t\t\t\t\t<\/div>\n\t\t<\/section>\n\t\t\t\t<section class=\"elementor-section elementor-top-section elementor-element elementor-element-1f5116e elementor-section-boxed elementor-section-height-default elementor-section-height-default\" data-id=\"1f5116e\" data-element_type=\"section\" data-e-type=\"section\">\n\t\t\t\t\t\t<div class=\"elementor-container elementor-column-gap-default\">\n\t\t\t\t\t<div class=\"elementor-column elementor-col-100 elementor-top-column elementor-element elementor-element-8f9435b\" data-id=\"8f9435b\" data-element_type=\"column\" data-e-type=\"column\">\n\t\t\t<div class=\"elementor-widget-wrap elementor-element-populated\">\n\t\t\t\t\t\t<div class=\"elementor-element elementor-element-3e9585d elementor-widget elementor-widget-text-editor\" data-id=\"3e9585d\" data-element_type=\"widget\" data-e-type=\"widget\" data-widget_type=\"text-editor.default\">\n\t\t\t\t<div class=\"elementor-widget-container\">\n\t\t\t\t\t\t\t\t\t<p><span style=\"color: #ff0000;\"><b><u>Nota bene<\/u> : Toute utilisation, reproduction, diffusion, commercialisation, modification de toute ou partie du Site, sans autorisation de l\u2019\u00c9diteur est prohib\u00e9e et pourra entra\u00een\u00e9e des actions et poursuites judiciaires telles que notamment pr\u00e9vues par le Code de la propri\u00e9t\u00e9 intellectuelle et le Code civil.<\/b><\/span><\/p>\t\t\t\t\t\t\t\t<\/div>\n\t\t\t\t<\/div>\n\t\t\t\t\t<\/div>\n\t\t<\/div>\n\t\t\t\t\t<\/div>\n\t\t<\/section>\n\t\t\t\t<section class=\"elementor-section elementor-top-section elementor-element elementor-element-80ece31 elementor-section-boxed elementor-section-height-default elementor-section-height-default\" data-id=\"80ece31\" data-element_type=\"section\" data-e-type=\"section\">\n\t\t\t\t\t\t<div class=\"elementor-container elementor-column-gap-default\">\n\t\t\t\t\t<div class=\"elementor-column elementor-col-100 elementor-top-column elementor-element elementor-element-93bfe92\" data-id=\"93bfe92\" data-element_type=\"column\" data-e-type=\"column\">\n\t\t\t<div class=\"elementor-widget-wrap elementor-element-populated\">\n\t\t\t\t\t\t<div class=\"elementor-element elementor-element-87f5369 elementor-widget elementor-widget-text-editor\" data-id=\"87f5369\" data-element_type=\"widget\" data-e-type=\"widget\" data-widget_type=\"text-editor.default\">\n\t\t\t\t<div class=\"elementor-widget-container\">\n\t\t\t\t\t\t\t\t\t<p>Pour plus d&rsquo;informations en mati\u00e8re de protection des donn\u00e9es \u00e0 caract\u00e8re personnel, se reporter \u00e0 la Charte en mati\u00e8re de protection des donn\u00e9es \u00e0 caract\u00e8re personnel du site <i>richard-heim.fr<\/i> accessible \u00e0 la rubrique\u00a0<a href=\"https:\/\/richard-heim.fr\/index.php\/politique-de-confidentialite\/\" rel=\"noopener\">\u00ab Politique de confidentialit\u00e9 \/ Donn\u00e9es personnelles \u00bb<\/a>.<br \/>Pour plus d&rsquo;informations en mati\u00e8re de cookies, se reporter \u00e0 la Charte en mati\u00e8re de cookies du site <em>richard-heim.fr<\/em> accessible \u00e0 la rubrique\u00a0<a href=\"https:\/\/richard-heim.fr\/index.php\/politique-de-confidentialite\/\">\u00ab Politique de confidentialit\u00e9 \/ Cookies \u00bb<\/a>.<\/p><p><span style=\"color: #999999;\">R\u00e9dig\u00e9 sur http:\/\/legalplace.fr<\/span><\/p>\t\t\t\t\t\t\t\t<\/div>\n\t\t\t\t<\/div>\n\t\t\t\t\t<\/div>\n\t\t<\/div>\n\t\t\t\t\t<\/div>\n\t\t<\/section>\n\t\t\t\t<\/div>\n\t\t","protected":false},"excerpt":{"rendered":"<p>Mentions l\u00e9gales En vigueur au 31\/08\/2023 Conform\u00e9ment aux dispositions des Articles 6-III et 19 de la Loi n\u00b02004-575 du 21 juin 2004 pour la Confiance dans l\u2019\u00e9conomie num\u00e9rique, dite L.C.E.N., il est port\u00e9 \u00e0 la connaissance des utilisateurs et visiteurs, ci-apr\u00e8s l&rsquo;\u00ab Utilisateur \u00bb, du site richard-heim.fr, ci-apr\u00e8s le \u00ab\u00a0Site\u00a0\u00bb, les pr\u00e9sentes mentions l\u00e9gales.La connexion [&hellip;]<\/p>\n","protected":false},"author":1,"featured_media":0,"parent":0,"menu_order":0,"comment_status":"closed","ping_status":"closed","template":"","meta":{"footnotes":""},"class_list":["post-133","page","type-page","status-publish","hentry","entry"],"_links":{"self":[{"href":"https:\/\/richard-heim.fr\/index.php\/wp-json\/wp\/v2\/pages\/133","targetHints":{"allow":["GET"]}}],"collection":[{"href":"https:\/\/richard-heim.fr\/index.php\/wp-json\/wp\/v2\/pages"}],"about":[{"href":"https:\/\/richard-heim.fr\/index.php\/wp-json\/wp\/v2\/types\/page"}],"author":[{"embeddable":true,"href":"https:\/\/richard-heim.fr\/index.php\/wp-json\/wp\/v2\/users\/1"}],"replies":[{"embeddable":true,"href":"https:\/\/richard-heim.fr\/index.php\/wp-json\/wp\/v2\/comments?post=133"}],"version-history":[{"count":0,"href":"https:\/\/richard-heim.fr\/index.php\/wp-json\/wp\/v2\/pages\/133\/revisions"}],"wp:attachment":[{"href":"https:\/\/richard-heim.fr\/index.php\/wp-json\/wp\/v2\/media?parent=133"}],"curies":[{"name":"wp","href":"https:\/\/api.w.org\/{rel}","templated":true}]}}